{"id":25418,"date":"2022-03-15T16:40:58","date_gmt":"2022-03-15T15:40:58","guid":{"rendered":"http:\/\/odess.e-declic.net\/?page_id=25418"},"modified":"2023-03-17T22:39:38","modified_gmt":"2023-03-17T21:39:38","slug":"our-actions","status":"publish","type":"page","link":"https:\/\/www.odess.io\/en\/about-us\/our-actions\/","title":{"rendered":"Our actions"},"content":{"rendered":"\n<p class=\"has-text-align-right\" style=\"font-size:25px\">&#8220;<em>I would like our Foundation to participate humbly but effectively in improving access to health care for the most disadvantaged populations and by supporting health care professionals, particularly in French-speaking areas of the South<\/em>&#8221; &#8211; Pierre Fabre<\/p>\n\n\n\n<h2 class=\"wp-block-heading\">What does the Pierre Fabre Foundation&nbsp;do?<\/h2>\n\n\n\n<p>Recognized as a public utility since its creation in 1999, the Pierre Fabre Foundation is actively involved in several areas:<\/p>\n\n\n\n<ul class=\"wp-block-list\">\n<li>training of health professionals;<\/li>\n\n\n\n<li>combating sickle cell disease;<\/li>\n\n\n\n<li>access to care for vulnerable populations;<\/li>\n\n\n\n<li>dermatology;<\/li>\n\n\n\n<li>e-health.<\/li>\n<\/ul>\n\n\n\n<p>In each of these areas, the Foundation has different objectives. For the e-health intervention area, the Foundation aims to:<\/p>\n\n\n\n<ul class=\"wp-block-list\">\n<li>create and develop professional training courses;<\/li>\n\n\n\n<li>support the structuring and implementation of national strategies for the development of digital health;<\/li>\n\n\n\n<li>operationalize and develop tele-expertise programs;<\/li>\n\n\n\n<li>capitalize on experiences and expertise, share resources for evidence-based practices.<\/li>\n<\/ul>\n\n\n\n<h2 class=\"wp-block-heading\">Where does the Foundation operate in the world?<\/h2>\n\n\n\n<p>The Foundation&#8217;s projects focus on countries in Central Africa, Southern Africa, West Africa and Southeast Asia. The Foundation is also active in Lebanon and Haiti.<\/p>\n\n\n\n<p>To operationalize its action, it has established numerous partnerships with local actors, including scientists, doctors, academics, students, experts, association leaders, volunteers and project managers.<\/p>\n\n\n\n<h2 class=\"wp-block-heading\">And in the field of digital health?<\/h2>\n\n\n\n<p>The Foundation is involved in four main areas.<\/p>\n\n\n\n<h3 class=\"wp-block-heading\"><strong>Training actors<\/strong><\/h3>\n\n\n\n<div class=\"wp-block-columns is-layout-flex wp-container-core-columns-is-layout-9d6595d7 wp-block-columns-is-layout-flex\">\n<div class=\"wp-block-column is-layout-flow wp-block-column-is-layout-flow\" style=\"flex-basis:60%\">\n<p><strong>Problem<\/strong>: Implementation of large-scale digital health projects is hampered by lack of trained human resources at various levels (health professionals, decision makers, technicians etc.) At the same time, health care workers in peripheral health care facilities are often excluded from national training programs, even though ICTs have the potential to facilitate the continuing education of health care professionals to the last-mile.<\/p>\n\n\n\n<p><strong>Solution<\/strong>: The Pierre Fabre Foundation supports training programs in digital health, to acculturate health care professionals and decision-makers to this major topic of interest, and e-learning programs, to strengthen the skills of caregivers at all levels in the health care pyramid.<\/p>\n\n\n\n<p><a class=\"project-list-link-btn\" href=\"https:\/\/www.fondationpierrefabre.org\/fr\/programmes-en-cours\/e-sante\/creation-dun-diplome-en-e-sante-avec-3-universites-africaines\/\">Find out more<\/a><\/p>\n<\/div>\n\n\n\n<div class=\"wp-block-column is-layout-flow wp-block-column-is-layout-flow\" style=\"flex-basis:40%\">\n<figure class=\"wp-block-embed is-type-video is-provider-youtube wp-block-embed-youtube wp-embed-aspect-16-9 wp-has-aspect-ratio\"><div class=\"wp-block-embed__wrapper\">\n<iframe loading=\"lazy\" title=\"Success-story #2 : le DIU e -Sant\u00e9 soutenu par la Fondation Pierre Fabre\" width=\"500\" height=\"281\" src=\"https:\/\/www.youtube.com\/embed\/cg2GS0K7RfE?feature=oembed\" frameborder=\"0\" allow=\"accelerometer; autoplay; clipboard-write; encrypted-media; gyroscope; picture-in-picture; web-share\" referrerpolicy=\"strict-origin-when-cross-origin\" allowfullscreen><\/iframe>\n<\/div><\/figure>\n<\/div>\n<\/div>\n\n\n\n<h3 class=\"wp-block-heading\"><strong>Supporting operationalization of national policies<\/strong><\/h3>\n\n\n\n<p><strong>Problem<\/strong>: By 2020, although 34 WHO AFRO member states had developed digital health strategies, only 12 had actually implemented them. In its strategy for the African region, the WHO highlights lack of institutionalization of digital health, current inadequacy of standards, insufficient state funding, and limited promotion of digital health in member states.<\/p>\n\n\n\n<p><strong>Solution<\/strong>: The Pierre Fabre Foundation has established a partnership with Togo to support the health authorities in defining and operationalizing a national strategy.<\/p>\n\n\n\n<h3 class=\"wp-block-heading\"><strong>Developing telemedicine<\/strong><\/h3>\n\n\n\n<div class=\"wp-block-columns is-layout-flex wp-container-core-columns-is-layout-9d6595d7 wp-block-columns-is-layout-flex\">\n<div class=\"wp-block-column is-layout-flow wp-block-column-is-layout-flow\" style=\"flex-basis:50%\">\n<p><strong>Problem<\/strong>: In Sub-Saharan Africa, there are 0.2 physicians (World Bank, 2017) and one nurse and\/or midwife per 1000 of population. The <a href=\"https:\/\/apps.who.int\/iris\/bitstream\/handle\/10665\/250368\/9789241511131-eng.pdf\" target=\"_blank\" rel=\"noreferrer noopener\">threshold recommended by the WHO<\/a> is 4.45. For some specialties, the gap is even wider: the number of dermatologists per million inhabitants varies between 1 per 285,000 (Mauritania) and 1 per 3,700,000 (Democratic Republic of the Congo) in <a href=\"https:\/\/www.fondationpierrefabre.org\/wp-content\/uploads\/sites\/2\/2020\/06\/1-s2.0-S2666479820300690-main.pdf\">12 French-speaking sub-<\/a><a href=\"https:\/\/www.fondationpierrefabre.org\/wp-content\/uploads\/sites\/2\/2020\/06\/1-s2.0-S2666479820300690-main.pdf\" target=\"_blank\" rel=\"noreferrer noopener\">Saharan <\/a><a href=\"https:\/\/www.fondationpierrefabre.org\/wp-content\/uploads\/sites\/2\/2020\/06\/1-s2.0-S2666479820300690-main.pdf\">African countries<\/a>. These specialists are mainly based in the capital cities, making access to quality care in rural areas all the more difficult.<\/p>\n\n\n\n<p><strong>Solution<\/strong>: Telemedicine (teleconsultation and tele-expertise) facilitates access to medical expertise in remote rural areas. The Pierre Fabre Foundation has developed a global approach in this context: health workers (doctors and nurses) in peripheral health centers are trained in the diagnosis and management of the most common skin diseases, in the taking of pictures in dermatology and in the use of a tele-expertise platform for the diagnosis and support for the management of complex cases by the country&#8217;s dermatologists. This approach is being replicated in other medical specialties.<\/p>\n\n\n\n<p><a class=\"project-list-link-btn\" href=\"https:\/\/www.fondationpierrefabre.org\/fr\/programmes-en-cours\/dermatologie-en-milieu-tropical\/deploiement-de-la-teledermatologie-teleder-togo\/\">Find out more<\/a><\/p>\n<\/div>\n\n\n\n<div class=\"wp-block-column is-layout-flow wp-block-column-is-layout-flow\" style=\"flex-basis:50%\">\n<figure class=\"wp-block-embed is-type-rich is-provider-embed-handler wp-block-embed-embed-handler wp-embed-aspect-16-9 wp-has-aspect-ratio\"><div class=\"wp-block-embed__wrapper\">\n<iframe loading=\"lazy\" title=\"T\u00e9l\u00e9dermatologie au Mali: innover pour am\u00e9liorer l&#039;acc\u00e8s aux soins\" width=\"500\" height=\"281\" src=\"https:\/\/www.youtube.com\/embed\/fqFQtFpYdTI?feature=oembed\" frameborder=\"0\" allow=\"accelerometer; autoplay; clipboard-write; encrypted-media; gyroscope; picture-in-picture; web-share\" referrerpolicy=\"strict-origin-when-cross-origin\" allowfullscreen><\/iframe>\n<\/div><\/figure>\n<\/div>\n<\/div>\n\n\n\n<h3 class=\"wp-block-heading\"><strong>Capitalizing and sharing<\/strong><\/h3>\n\n\n\n<p><strong>Problem<\/strong>: Lack of structuring leads to \u201csilo\u201d development of digital health, in which pilot exercises are repeated, being carried out by different operators, and without necessarily becoming visible on an international scale with regard to factors of success or failure of the projects.<\/p>\n\n\n\n<p><strong>Solution<\/strong>: It is precisely to address these issues that the Foundation has created the Global South e-Health Observatory!<\/p>\n\n\n\n<p><a class=\"project-list-link-btn\" href=\"\/en\/about-us\/the-observatory\/\">Find out more<\/a><\/p>\n","protected":false},"excerpt":{"rendered":"<p>&#8220;I would like our Foundation to participate humbly but effectively in improving access to health care for the most disadvantaged populations and by supporting health care professionals, particularly in French-speaking areas of the South&#8221; &#8211; Pierre Fabre What does the Pierre Fabre Foundation&nbsp;do? Recognized as a public utility since its creation in 1999, the Pierre [&hellip;]<\/p>\n","protected":false},"author":9,"featured_media":23543,"parent":25421,"menu_order":0,"comment_status":"closed","ping_status":"closed","template":"","meta":{"_acf_changed":false,"footnotes":""},"class_list":["post-25418","page","type-page","status-publish","has-post-thumbnail","hentry"],"acf":[],"yoast_head":"<!-- This site is optimized with the Yoast SEO plugin v26.6 - https:\/\/yoast.com\/wordpress\/plugins\/seo\/ -->\n<title>Our actions - Odess<\/title>\n<meta name=\"description\" content=\"&quot;to participate humbly but effectively in improving access to health care for the most disadvantaged populations&quot;\" \/>\n<meta name=\"robots\" content=\"index, follow, max-snippet:-1, max-image-preview:large, max-video-preview:-1\" \/>\n<link rel=\"canonical\" href=\"https:\/\/www.odess.io\/en\/about-us\/our-actions\/\" \/>\n<meta property=\"og:locale\" content=\"en_US\" \/>\n<meta property=\"og:type\" content=\"article\" \/>\n<meta property=\"og:title\" content=\"Our actions - Odess\" \/>\n<meta property=\"og:description\" content=\"&quot;to participate humbly but effectively in improving access to health care for the most disadvantaged populations&quot;\" \/>\n<meta property=\"og:url\" content=\"https:\/\/www.odess.io\/en\/about-us\/our-actions\/\" \/>\n<meta property=\"og:site_name\" content=\"Odess\" \/>\n<meta property=\"article:modified_time\" content=\"2023-03-17T21:39:38+00:00\" \/>\n<meta property=\"og:image\" content=\"https:\/\/www.odess.io\/wp-content\/uploads\/initiative-23542\/1-odess_celal1.png\" \/>\n\t<meta property=\"og:image:width\" content=\"1800\" \/>\n\t<meta property=\"og:image:height\" content=\"600\" \/>\n\t<meta property=\"og:image:type\" content=\"image\/png\" \/>\n<meta name=\"twitter:card\" content=\"summary_large_image\" \/>\n<meta name=\"twitter:label1\" content=\"Est. reading time\" \/>\n\t<meta name=\"twitter:data1\" content=\"3 minutes\" \/>\n<script type=\"application\/ld+json\" class=\"yoast-schema-graph\">{\"@context\":\"https:\/\/schema.org\",\"@graph\":[{\"@type\":\"WebPage\",\"@id\":\"https:\/\/www.odess.io\/en\/about-us\/our-actions\/\",\"url\":\"https:\/\/www.odess.io\/en\/about-us\/our-actions\/\",\"name\":\"Our actions - Odess\",\"isPartOf\":{\"@id\":\"https:\/\/www.odess.io\/en\/#website\"},\"primaryImageOfPage\":{\"@id\":\"https:\/\/www.odess.io\/en\/about-us\/our-actions\/#primaryimage\"},\"image\":{\"@id\":\"https:\/\/www.odess.io\/en\/about-us\/our-actions\/#primaryimage\"},\"thumbnailUrl\":\"https:\/\/www.odess.io\/wp-content\/uploads\/initiative-23542\/1-odess_celal1.png\",\"datePublished\":\"2022-03-15T15:40:58+00:00\",\"dateModified\":\"2023-03-17T21:39:38+00:00\",\"description\":\"\\\"to participate humbly but effectively in improving access to health care for the most disadvantaged populations\\\"\",\"breadcrumb\":{\"@id\":\"https:\/\/www.odess.io\/en\/about-us\/our-actions\/#breadcrumb\"},\"inLanguage\":\"en-US\",\"potentialAction\":[{\"@type\":\"ReadAction\",\"target\":[\"https:\/\/www.odess.io\/en\/about-us\/our-actions\/\"]}]},{\"@type\":\"ImageObject\",\"inLanguage\":\"en-US\",\"@id\":\"https:\/\/www.odess.io\/en\/about-us\/our-actions\/#primaryimage\",\"url\":\"https:\/\/www.odess.io\/wp-content\/uploads\/initiative-23542\/1-odess_celal1.png\",\"contentUrl\":\"https:\/\/www.odess.io\/wp-content\/uploads\/initiative-23542\/1-odess_celal1.png\",\"width\":1800,\"height\":600},{\"@type\":\"BreadcrumbList\",\"@id\":\"https:\/\/www.odess.io\/en\/about-us\/our-actions\/#breadcrumb\",\"itemListElement\":[{\"@type\":\"ListItem\",\"position\":1,\"name\":\"Home\",\"item\":\"https:\/\/www.odess.io\/en\/\"},{\"@type\":\"ListItem\",\"position\":2,\"name\":\"About us\",\"item\":\"https:\/\/www.odess.io\/en\/about-us\/\"},{\"@type\":\"ListItem\",\"position\":3,\"name\":\"Our actions\"}]},{\"@type\":\"WebSite\",\"@id\":\"https:\/\/www.odess.io\/en\/#website\",\"url\":\"https:\/\/www.odess.io\/en\/\",\"name\":\"Odess\",\"description\":\"L&#039;Observatoire de la e-sant\u00e9 dans les pays du Sud\",\"potentialAction\":[{\"@type\":\"SearchAction\",\"target\":{\"@type\":\"EntryPoint\",\"urlTemplate\":\"https:\/\/www.odess.io\/en\/?s={search_term_string}\"},\"query-input\":{\"@type\":\"PropertyValueSpecification\",\"valueRequired\":true,\"valueName\":\"search_term_string\"}}],\"inLanguage\":\"en-US\"}]}<\/script>\n<!-- \/ Yoast SEO plugin. -->","yoast_head_json":{"title":"Our actions - Odess","description":"\"to participate humbly but effectively in improving access to health care for the most disadvantaged populations\"","robots":{"index":"index","follow":"follow","max-snippet":"max-snippet:-1","max-image-preview":"max-image-preview:large","max-video-preview":"max-video-preview:-1"},"canonical":"https:\/\/www.odess.io\/en\/about-us\/our-actions\/","og_locale":"en_US","og_type":"article","og_title":"Our actions - Odess","og_description":"\"to participate humbly but effectively in improving access to health care for the most disadvantaged populations\"","og_url":"https:\/\/www.odess.io\/en\/about-us\/our-actions\/","og_site_name":"Odess","article_modified_time":"2023-03-17T21:39:38+00:00","og_image":[{"width":1800,"height":600,"url":"https:\/\/www.odess.io\/wp-content\/uploads\/initiative-23542\/1-odess_celal1.png","type":"image\/png"}],"twitter_card":"summary_large_image","twitter_misc":{"Est. reading time":"3 minutes"},"schema":{"@context":"https:\/\/schema.org","@graph":[{"@type":"WebPage","@id":"https:\/\/www.odess.io\/en\/about-us\/our-actions\/","url":"https:\/\/www.odess.io\/en\/about-us\/our-actions\/","name":"Our actions - Odess","isPartOf":{"@id":"https:\/\/www.odess.io\/en\/#website"},"primaryImageOfPage":{"@id":"https:\/\/www.odess.io\/en\/about-us\/our-actions\/#primaryimage"},"image":{"@id":"https:\/\/www.odess.io\/en\/about-us\/our-actions\/#primaryimage"},"thumbnailUrl":"https:\/\/www.odess.io\/wp-content\/uploads\/initiative-23542\/1-odess_celal1.png","datePublished":"2022-03-15T15:40:58+00:00","dateModified":"2023-03-17T21:39:38+00:00","description":"\"to participate humbly but effectively in improving access to health care for the most disadvantaged populations\"","breadcrumb":{"@id":"https:\/\/www.odess.io\/en\/about-us\/our-actions\/#breadcrumb"},"inLanguage":"en-US","potentialAction":[{"@type":"ReadAction","target":["https:\/\/www.odess.io\/en\/about-us\/our-actions\/"]}]},{"@type":"ImageObject","inLanguage":"en-US","@id":"https:\/\/www.odess.io\/en\/about-us\/our-actions\/#primaryimage","url":"https:\/\/www.odess.io\/wp-content\/uploads\/initiative-23542\/1-odess_celal1.png","contentUrl":"https:\/\/www.odess.io\/wp-content\/uploads\/initiative-23542\/1-odess_celal1.png","width":1800,"height":600},{"@type":"BreadcrumbList","@id":"https:\/\/www.odess.io\/en\/about-us\/our-actions\/#breadcrumb","itemListElement":[{"@type":"ListItem","position":1,"name":"Home","item":"https:\/\/www.odess.io\/en\/"},{"@type":"ListItem","position":2,"name":"About us","item":"https:\/\/www.odess.io\/en\/about-us\/"},{"@type":"ListItem","position":3,"name":"Our actions"}]},{"@type":"WebSite","@id":"https:\/\/www.odess.io\/en\/#website","url":"https:\/\/www.odess.io\/en\/","name":"Odess","description":"L&#039;Observatoire de la e-sant\u00e9 dans les pays du Sud","potentialAction":[{"@type":"SearchAction","target":{"@type":"EntryPoint","urlTemplate":"https:\/\/www.odess.io\/en\/?s={search_term_string}"},"query-input":{"@type":"PropertyValueSpecification","valueRequired":true,"valueName":"search_term_string"}}],"inLanguage":"en-US"}]}},"_links":{"self":[{"href":"https:\/\/www.odess.io\/en\/wp-json\/wp\/v2\/pages\/25418","targetHints":{"allow":["GET"]}}],"collection":[{"href":"https:\/\/www.odess.io\/en\/wp-json\/wp\/v2\/pages"}],"about":[{"href":"https:\/\/www.odess.io\/en\/wp-json\/wp\/v2\/types\/page"}],"author":[{"embeddable":true,"href":"https:\/\/www.odess.io\/en\/wp-json\/wp\/v2\/users\/9"}],"replies":[{"embeddable":true,"href":"https:\/\/www.odess.io\/en\/wp-json\/wp\/v2\/comments?post=25418"}],"version-history":[{"count":20,"href":"https:\/\/www.odess.io\/en\/wp-json\/wp\/v2\/pages\/25418\/revisions"}],"predecessor-version":[{"id":30923,"href":"https:\/\/www.odess.io\/en\/wp-json\/wp\/v2\/pages\/25418\/revisions\/30923"}],"up":[{"embeddable":true,"href":"https:\/\/www.odess.io\/en\/wp-json\/wp\/v2\/pages\/25421"}],"wp:featuredmedia":[{"embeddable":true,"href":"https:\/\/www.odess.io\/en\/wp-json\/wp\/v2\/media\/23543"}],"wp:attachment":[{"href":"https:\/\/www.odess.io\/en\/wp-json\/wp\/v2\/media?parent=25418"}],"curies":[{"name":"wp","href":"https:\/\/api.w.org\/{rel}","templated":true}]}}